{"id":699,"date":"2025-01-12T07:30:23","date_gmt":"2025-01-12T07:30:23","guid":{"rendered":"https:\/\/www.denim-vest.com\/?post_type=product&#038;p=699"},"modified":"2025-01-13T17:48:55","modified_gmt":"2025-01-13T17:48:55","slug":"vintage-denim-vest-womens","status":"publish","type":"product","link":"https:\/\/www.denim-vest.com\/fr\/produit\/gilet-en-denim-vintage-pour-femmes\/","title":{"rendered":"Gilet en denim vintage pour femmes"},"content":{"rendered":"<h2>Adoptez le chic intemporel avec notre gilet en jean vintage pour femmes<\/h2>\n<p>Mesdames, rassemblez-vous pour un flashback mode plus frais que jamais ! Nos <strong>mill\u00e9sime <\/strong><a href=\"https:\/\/www.denim-vest.com\/fr\/denim-vest-for-men\/\">gilet en jean pour femmes<\/a> est comme une machine \u00e0 remonter le temps que vous pouvez porter, vous ramenant \u00e0 l'\u00e2ge d'or du style tout en restant fermement ancr\u00e9e dans le pr\u00e9sent. C'est l'\u00e9quivalent sartorial de votre playlist pr\u00e9f\u00e9r\u00e9e - famili\u00e8re, r\u00e9confortante et pourtant si cool !<\/p>\n<p>Pour un look plus moderne, pensez \u00e0 notre\u00a0<a href=\"https:\/\/www.denim-vest.com\/fr\/blue-denim-vest-for-women\/\" target=\"_blank\" rel=\"noopener noreferrer\">gilet en jean bleu pour femmes<\/a>.<\/p>\n<h2>Un printemps estival aux accents r\u00e9tro<\/h2>\n<p>Imaginez : vous vous promenez dans un parc baign\u00e9 de soleil, votre <strong>Gilet en denim vintage pour femmes<\/strong> La lumi\u00e8re est capt\u00e9e avec justesse, ce qui vous donne l'impression de sortir d'un film classique. C'est le m\u00e9lange parfait entre le charme d'hier et l'attitude d'aujourd'hui, comme si vous trouviez un disque vinyle qui joue tous vos tubes modernes pr\u00e9f\u00e9r\u00e9s. Nous avons pris cette ambiance vintage tant convoit\u00e9e et lui avons donn\u00e9 une touche contemporaine qui vous donnera l'impression d'\u00eatre une ic\u00f4ne du style, que ce soit pour un brunch entre filles ou pour un festival de musique.<\/p>\n<h2>Le court et l'ample peuvent-ils \u00eatre flatteurs ?<\/h2>\n<p>Vous pouvez parier votre dernier dollar qu'il peut l'\u00eatre ! Ce n'est pas le gilet de votre grand-m\u00e8re (m\u00eame si elle l'adorerait probablement aussi). Nous avons con\u00e7u cette beaut\u00e9 avec une silhouette courte et ample qui est plus flatteuse qu'un selfie aux chandelles. C'est l'\u00e9quilibre parfait entre structure et d\u00e9contraction, ce qui vous donne un look cool et sans effort qui dit : \" Oh, ce vieux truc ? Je viens de l'enfiler !\"<\/p>\n<h2>Des caract\u00e9ristiques qui vous donneront l'impression d'\u00eatre une reine r\u00e9tro<\/h2>\n<ul>\n<li>Longueur courte pour un style polyvalent<\/li>\n<li>Coupe ample, confortable et tr\u00e8s chic<\/li>\n<li>Sans manches, parfait pour une superposition ou un port en solo<\/li>\n<li>Tissu denim classique \u00e0 l'aspect vieilli et convoit\u00e9<\/li>\n<li>Un style polyvalent qui s'associe \u00e0 toutes les tenues, de la robe de soleil au jean taille haute.<\/li>\n<li>Id\u00e9al pour passer du printemps \u00e0 l'\u00e9t\u00e9 (et inversement)<\/li>\n<\/ul>\n<h2>Les petits d\u00e9tails<\/h2>\n<ul>\n<li>Mati\u00e8re : Denim doux et parfaitement us\u00e9<\/li>\n<li>Style : Gilet court d'inspiration vintage<\/li>\n<li>Forme : Ample et confortable<\/li>\n<li>Caract\u00e9ristiques : Sans manches, d\u00e9tails en denim classique<\/li>\n<li>Polyvalence : Parfait pour les sorties d\u00e9contract\u00e9es, les festivals, ou pour ajouter du piquant \u00e0 une robe<\/li>\n<\/ul>\n<p>Ne laissez pas passer cette chance de poss\u00e9der un morceau de nostalgie portable ! Notre <strong>Gilet en denim vintage pour femmes<\/strong> se vend plus vite que les billets pour une tourn\u00e9e de retrouvailles de votre groupe pr\u00e9f\u00e9r\u00e9. Que vous soyez un passionn\u00e9 de vintage ou que vous cherchiez simplement \u00e0 ajouter un peu de charme r\u00e9tro \u00e0 votre garde-robe, ce gilet est votre ticket pour un cool instantan\u00e9. Achetez-le d\u00e8s maintenant et pr\u00e9parez-vous \u00e0 faire tourner les t\u00eates avec votre style intemporel. N'oubliez pas que la mode passe, mais que le style est \u00e9ternel - et ce gilet est la cl\u00e9 d'un chic \u00e9ternel !<\/p>\n<p>&nbsp;<\/p>\n<div class=\"detailmodule_html\">\n<div class=\"detail-desc-decorate-richtext\">\n<table style=\"border-collapse: collapse; width: 471.02pt;\" border=\"0\" width=\"785\" cellspacing=\"0\" cellpadding=\"0\">\n<colgroup>\n<col style=\"width: 82.35pt;\" width=\"137\" \/>\n<col style=\"width: 64.80pt;\" span=\"6\" width=\"108\" \/> <\/colgroup>\n<tbody>\n<tr style=\"height: 37.00pt;\">\n<td class=\"et2\" style=\"height: 37.00pt; width: 82.35pt;\" width=\"137\" height=\"61\">Poids<\/td>\n<td class=\"et2\" style=\"width: 64.80pt;\" width=\"108\">40-47kg<\/td>\n<td class=\"et2\" style=\"width: 64.80pt;\" width=\"108\">47-55kg<\/td>\n<td class=\"et2\" style=\"width: 64.80pt;\" width=\"108\">55-62kg<\/td>\n<td class=\"et2\" style=\"width: 64.80pt;\" width=\"108\">62-67kg<\/td>\n<td class=\"et2\" style=\"width: 64.80pt;\" width=\"108\">67-75kg<\/td>\n<td class=\"et2\" style=\"width: 64.80pt;\" width=\"108\">67-75kg<\/td>\n<\/tr>\n<tr style=\"height: 37.00pt;\">\n<td class=\"et2\" style=\"height: 37.00pt;\" height=\"61\">Sugg\u00e9rer une taille<\/td>\n<td class=\"et3\">S<\/td>\n<td class=\"et3\">M<\/td>\n<td class=\"et3\">L<\/td>\n<td class=\"et3\">XL<\/td>\n<td class=\"et3\">2XL<\/td>\n<td class=\"et3\">3XL<\/td>\n<\/tr>\n<\/tbody>\n<\/table>\n<\/div>\n<\/div>","protected":false},"excerpt":{"rendered":"<p>Canalisez un style intemporel avec notre gilet en denim vintage pour femme \u2728. Classique, chic et parfait pour toute garde-robe. Livraison gratuite - achetez maintenant et \u00e9levez votre look !<\/p>","protected":false},"featured_media":700,"template":"","meta":[],"product_brand":[],"product_cat":[78],"product_tag":[],"class_list":{"0":"post-699","1":"product","2":"type-product","3":"status-publish","4":"has-post-thumbnail","6":"product_cat-denim-vest-women","8":"first","9":"instock","10":"shipping-taxable","11":"purchasable","12":"product-type-variable"},"_links":{"self":[{"href":"https:\/\/www.denim-vest.com\/fr\/wp-json\/wp\/v2\/product\/699","targetHints":{"allow":["GET"]}}],"collection":[{"href":"https:\/\/www.denim-vest.com\/fr\/wp-json\/wp\/v2\/product"}],"about":[{"href":"https:\/\/www.denim-vest.com\/fr\/wp-json\/wp\/v2\/types\/product"}],"wp:featuredmedia":[{"embeddable":true,"href":"https:\/\/www.denim-vest.com\/fr\/wp-json\/wp\/v2\/media\/700"}],"wp:attachment":[{"href":"https:\/\/www.denim-vest.com\/fr\/wp-json\/wp\/v2\/media?parent=699"}],"wp:term":[{"taxonomy":"product_brand","embeddable":true,"href":"https:\/\/www.denim-vest.com\/fr\/wp-json\/wp\/v2\/product_brand?post=699"},{"taxonomy":"product_cat","embeddable":true,"href":"https:\/\/www.denim-vest.com\/fr\/wp-json\/wp\/v2\/product_cat?post=699"},{"taxonomy":"product_tag","embeddable":true,"href":"https:\/\/www.denim-vest.com\/fr\/wp-json\/wp\/v2\/product_tag?post=699"}],"curies":[{"name":"wp","href":"https:\/\/api.w.org\/{rel}","templated":true}]}}