{"id":615,"date":"2025-01-12T07:49:10","date_gmt":"2025-01-12T07:49:10","guid":{"rendered":"https:\/\/www.denim-vest.com\/?post_type=product&#038;p=615"},"modified":"2025-01-13T17:40:48","modified_gmt":"2025-01-13T17:40:48","slug":"mens-denim-vest-3xl","status":"publish","type":"product","link":"https:\/\/www.denim-vest.com\/fr\/produit\/gilet-en-denim-pour-hommes-3xl\/","title":{"rendered":"Gilet en denim pour hommes 3xl"},"content":{"rendered":"<p><img decoding=\"async\" style=\"font-family: arial, helvetica, sans-serif; font-size: 20px; font-weight: 400; letter-spacing: normal; text-align: center; white-space: normal; color: #0070c0; background-color: #ffffff; margin: 0px; padding: 0px; max-width: 100%; box-sizing: border-box;\" src=\"https:\/\/ae01.alicdn.com\/kf\/HTB1oBytatfvK1RjSspoq6zfNpXaD.jpg?width=800&amp;height=488&amp;hash=1288\" \/><\/p>\n<h2>Confort et style : Le gilet en denim ultime pour hommes 3XL et plus<\/h2>\n<p>Hey, les gars \u00e0 la pointe de la mode ! Parlons d'un sujet qui fait tourner les t\u00eates et gagner les c\u0153urs : notre incroyable <strong>Gilet en denim pour hommes 3XL<\/strong>. Il ne s'agit pas seulement d'un v\u00eatement, mais d'une d\u00e9claration, d'un stimulant de la confiance en soi et probablement de l'article le plus polyvalent que vous puissiez ajouter \u00e0 votre garde-robe. Croyez-moi, j'ai vu des hommes passer de l'\u00e9tat de \"m\u00e9chant\" \u00e0 celui de \"g\u00e9nial\" rien qu'en enfilant ce vilain gar\u00e7on !<\/p>\n<h2>La taille compte : De 3XL \u00e0 6XL, nous avons tout ce qu'il vous faut<\/h2>\n<p>Je sais ce que vous pensez. \"Encore un gilet qui s'arr\u00eate \u00e0 2XL ?\" Pas pour nous ! Nous sommes fiers d'offrir notre <strong>Gilet en denim pour hommes 3XL<\/strong> et au-del\u00e0, jusqu'\u00e0 un \u00e9norme 6XL. Parce que, soyons honn\u00eates, le style ne devrait pas avoir de limite de taille. Que vous soyez un 3XL ou un 6XL, nous avons la coupe parfaite pour vous. C'est comme si nous avions pris les meilleurs \u00e9l\u00e9ments d'un c\u00e2lin douillet et d'une veste \u00e9l\u00e9gante, et que nous les avions combin\u00e9s en un gilet g\u00e9nial !<\/p>\n<h2>Est-ce le gilet le plus polyvalent de votre garde-robe ?<\/h2>\n<p>Vous pouvez parier sur vos bottes que c'est le cas ! Notre <a href=\"https:\/\/www.denim-vest.com\/fr\/denim-vest-for-men\/\">vestes en denim pour hommes<\/a><strong>t 3XL<\/strong> est un peu le couteau suisse de la mode. Vous avez besoin d'un v\u00eatement \u00e0 enfiler pour aller faire les courses ? Cochez la case. Vous cherchez la couche parfaite pour une soir\u00e9e ? V\u00e9rifier deux fois. Vous voulez canaliser le cow-boy qui sommeille en vous pour une f\u00eate \u00e0 th\u00e8me ? Triple v\u00e9rification ! Ce gilet fait tout cela, et il le fait avec style. C'est comme si vous aviez un acolyte de mode qui vous couvre toujours (et vous couvre aussi, d'ailleurs).<\/p>\n<p>Vous cherchez d'autres options ? Jetez un coup d'\u0153il \u00e0 notre\u00a0<a href=\"https:\/\/www.denim-vest.com\/fr\/mens-denim-unlined-vests\/\" target=\"_blank\" rel=\"noopener noreferrer\">gilets non doubl\u00e9s en denim pour hommes<\/a>.<\/p>\n<h2>Pourquoi notre gilet en denim s'envole-t-il des rayons ?<\/h2>\n<ul>\n<li>Disponible dans les tailles allant jusqu'\u00e0 6XL pour une plus grande inclusivit\u00e9<\/li>\n<li>Conception classique sans manches pour un maximum de confort et de style<\/li>\n<li>Choisissez entre le bleu intemporel et le noir audacieux.<\/li>\n<li>Une construction durable qui peut faire face \u00e0 tout ce que la vie vous r\u00e9serve<\/li>\n<li>Assez polyvalent pour les occasions d\u00e9contract\u00e9es et semi-formelles<\/li>\n<li>Parfait pour une superposition en toute saison<\/li>\n<\/ul>\n<h2>Les petits d\u00e9tails<\/h2>\n<ul>\n<li>Mati\u00e8re : Denim confortable de haute qualit\u00e9<\/li>\n<li>Style : Veste en jeans sans manches \/ gilet<\/li>\n<li>Couleurs : Disponible en bleu classique et en noir \u00e9l\u00e9gant<\/li>\n<li>Gamme de tailles : De 3XL \u00e0 6XL<\/li>\n<li>Fermeture : Bouton sur le devant pour un port facile<\/li>\n<li>Poches : Plusieurs poches pour tous les objets essentiels<\/li>\n<\/ul>\n<p>\u00c9coutez, messieurs ! Ce n'est pas n'importe quel <strong>Gilet en denim pour hommes 3XL<\/strong> dont nous parlons ici. Elle change la donne, renforce la confiance en soi et est sans doute la chose la plus confortable que vous puissiez porter. Que vous recherchiez un look de cow-boy robuste ou simplement quelque chose de cool et de d\u00e9contract\u00e9 pour vos aventures du week-end, ce gilet vous couvre (litt\u00e9ralement). Et avec des tailles allant jusqu'\u00e0 6XL, nous nous assurons que tout le monde puisse faire l'exp\u00e9rience de la magie. Alors pourquoi attendre ? Achetez le v\u00f4tre avant qu'il ne disparaisse, et pr\u00e9parez-vous \u00e0 vous pavaner avec style. N'oubliez pas, dans un monde rempli de tee-shirts unis, soyez un gilet en denim !<\/p>","protected":false},"excerpt":{"rendered":"<p>Trouvez la coupe parfaite avec notre gilet en denim 3XL pour homme. \u00c9l\u00e9gant, confortable et id\u00e9al pour tout look d\u00e9contract\u00e9. Livraison gratuite - commandez la v\u00f4tre d\u00e8s aujourd'hui !<\/p>","protected":false},"featured_media":616,"template":"","meta":[],"product_brand":[],"product_cat":[77],"product_tag":[],"class_list":{"0":"post-615","1":"product","2":"type-product","3":"status-publish","4":"has-post-thumbnail","6":"product_cat-denim-vest-for-men","8":"first","9":"instock","10":"shipping-taxable","11":"purchasable","12":"product-type-variable"},"_links":{"self":[{"href":"https:\/\/www.denim-vest.com\/fr\/wp-json\/wp\/v2\/product\/615","targetHints":{"allow":["GET"]}}],"collection":[{"href":"https:\/\/www.denim-vest.com\/fr\/wp-json\/wp\/v2\/product"}],"about":[{"href":"https:\/\/www.denim-vest.com\/fr\/wp-json\/wp\/v2\/types\/product"}],"wp:featuredmedia":[{"embeddable":true,"href":"https:\/\/www.denim-vest.com\/fr\/wp-json\/wp\/v2\/media\/616"}],"wp:attachment":[{"href":"https:\/\/www.denim-vest.com\/fr\/wp-json\/wp\/v2\/media?parent=615"}],"wp:term":[{"taxonomy":"product_brand","embeddable":true,"href":"https:\/\/www.denim-vest.com\/fr\/wp-json\/wp\/v2\/product_brand?post=615"},{"taxonomy":"product_cat","embeddable":true,"href":"https:\/\/www.denim-vest.com\/fr\/wp-json\/wp\/v2\/product_cat?post=615"},{"taxonomy":"product_tag","embeddable":true,"href":"https:\/\/www.denim-vest.com\/fr\/wp-json\/wp\/v2\/product_tag?post=615"}],"curies":[{"name":"wp","href":"https:\/\/api.w.org\/{rel}","templated":true}]}}