{"id":560,"date":"2025-01-12T07:52:37","date_gmt":"2025-01-12T07:52:37","guid":{"rendered":"https:\/\/www.denim-vest.com\/?post_type=product&#038;p=560"},"modified":"2025-01-13T17:43:03","modified_gmt":"2025-01-13T17:43:03","slug":"distressed-denim-vest-mens","status":"publish","type":"product","link":"https:\/\/www.denim-vest.com\/fr\/produit\/gilet-en-denim-en-detresse-pour-hommes\/","title":{"rendered":"Gilet en denim us\u00e9 pour homme"},"content":{"rendered":"<p><img decoding=\"async\" src=\"https:\/\/ae01.alicdn.com\/kf\/S70ce47fb99344ed2bfe268daf6f3df2cV.jpg\" \/><\/p>\n<h2>Lib\u00e9rez le rebelle qui sommeille en vous : Le gilet en denim us\u00e9 par excellence pour les hommes<\/h2>\n<p>Messieurs, \u00e9coutez bien ! Si votre garde-robe vous semble un peu trop... sage ces derniers temps, nous avons ce qu'il vous faut pour lui donner de l'allure. Nos <strong>gilet en denim en d\u00e9tresse pour hommes<\/strong> est une v\u00e9ritable machine \u00e0 remonter le temps qui vous ram\u00e8nera directement \u00e0 l'\u00e2ge d'or du rock 'n' roll, avec une touche de modernit\u00e9 qui fera tourner les t\u00eates partout o\u00f9 vous irez.<\/p>\n<h2>Les vibrations vintage rencontrent le style moderne : Le gilet en jean parfait<\/h2>\n<p>Imaginez que vous enfilez un v\u00eatement qui vous donne instantan\u00e9ment l'impression d'\u00eatre une rockstar. C'est ce que notre <strong>gilet en denim en d\u00e9tresse pour hommes<\/strong> ne. Ce n'est pas seulement un gilet, c'est une d\u00e9claration. Avec son design vintage et son style r\u00e9tro sans manches, vous vous inspirerez de l'esprit des ic\u00f4nes rebelles des d\u00e9cennies pass\u00e9es. Mais ne vous y trompez pas : il ne s'agit pas du vieux gilet de votre grand-p\u00e8re. Nous lui avons donn\u00e9 une touche contemporaine qui convient parfaitement \u00e0 l'homme moderne qui n'a pas peur de se d\u00e9marquer.<\/p>\n<h2>Un gilet peut-il vraiment transformer votre style ?<\/h2>\n<p>Vous pouvez parier vos bottes qu'il le peut ! Notre <strong>en d\u00e9tresse <\/strong><a href=\"https:\/\/www.denim-vest.com\/fr\/denim-vest-for-men\/\">gilet en denim pour hommes<\/a> est l'arme secr\u00e8te qui manquait \u00e0 votre garde-robe. C'est comme ajouter une pinc\u00e9e de sauce piquante \u00e0 votre plat pr\u00e9f\u00e9r\u00e9 - elle rel\u00e8ve le tout et laisse une impression durable. Les trous d\u00e9chir\u00e9s et les d\u00e9tails en d\u00e9tresse ne sont pas l\u00e0 pour faire joli ; ils racontent une histoire d'aventure et d'attitude. C'est le genre de pi\u00e8ce qui am\u00e8ne les gens \u00e0 se demander \"Qui est ce type, et o\u00f9 \u00e9tait-il ?\".<\/p>\n<h2>Pourquoi notre gilet en denim vieilli s'envole-t-il des rayons ?<\/h2>\n<ul>\n<li>Design d'inspiration vintage pour un look authentique et habit\u00e9<\/li>\n<li>Style r\u00e9tro sans manches, id\u00e9al pour montrer ses bras<\/li>\n<li>Trous d\u00e9chir\u00e9s et d\u00e9tails us\u00e9s pour un attrait avant-gardiste<\/li>\n<li>Boutonnage sur le devant pour un port facile et un style classique<\/li>\n<li>Tissu denim polyvalent qui va avec tout<\/li>\n<li>Disponible jusqu'\u00e0 5XL pour un ajustement parfait \u00e0 chaque type de corps<\/li>\n<\/ul>\n<h2>Les petits d\u00e9tails<\/h2>\n<ul>\n<li>Mati\u00e8re : Denim durable de haute qualit\u00e9<\/li>\n<li>Style : Gilet d'inspiration vintage<\/li>\n<li>Coupe : Coupe classique avec une touche de modernit\u00e9<\/li>\n<li>Caract\u00e9ristiques : Trous d\u00e9chir\u00e9s, d\u00e9tails us\u00e9s, boutonnage sur le devant<\/li>\n<li>Gamme de tailles : Disponible jusqu'\u00e0 5XL pour une taille inclusive<\/li>\n<li>Saison : Parfait pour le printemps et au-del\u00e0<\/li>\n<\/ul>\n<p>\u00c9coutez bien, messieurs ! Il ne s'agit pas de n'importe quel gilet. Il s'agit d'un <strong>gilet en denim en d\u00e9tresse pour hommes<\/strong> change la donne. Il est destin\u00e9 aux hommes qui n'ont pas peur de s'affirmer et qui savent que le vrai style vient de l'assurance et de l'attitude. Que vous alliez \u00e0 un concert de rock, que vous sortiez avec les copains ou que vous souhaitiez simplement ajouter un peu de piquant \u00e0 votre look de tous les jours, ce gilet vous couvre (ou devrait-on dire, vous couvre partiellement ?). C'est comme si vous portiez un morceau de l'histoire du rock 'n' roll, mais avec une touche moderne qui le rend frais et pertinent. Et avec des tailles allant jusqu'au 5XL, nous veillons \u00e0 ce que tous les hommes puissent participer \u00e0 cette r\u00e9volution stylistique. Alors, qu'attendez-vous ? Achetez le v\u00f4tre avant qu'il n'y en ait plus. N'oubliez pas, dans un monde de tee-shirts unis et de boutons ennuyeux, soyez le gars avec le gilet en denim en d\u00e9tresse qui tue. Votre style (et votre fil Instagram) vous en remerciera !<\/p>\n<p>Associez ce gilet en denim vieilli \u00e0 notre veste en denim.\u00a0<a href=\"https:\/\/www.denim-vest.com\/fr\/distressed-black-denim-vest\/\" target=\"_blank\" rel=\"noopener noreferrer\">gilet en denim noir vieilli<\/a>\u00a0pour un look robuste.<\/p>","protected":false},"excerpt":{"rendered":"<p>Adoptez un style robuste avec notre gilet en denim us\u00e9 pour hommes. \u00c9l\u00e9gant et audacieux, il est parfait pour les superpositions. Livraison gratuite - commandez d\u00e8s aujourd'hui !<\/p>","protected":false},"featured_media":573,"template":"","meta":[],"product_brand":[],"product_cat":[77],"product_tag":[],"class_list":{"0":"post-560","1":"product","2":"type-product","3":"status-publish","4":"has-post-thumbnail","6":"product_cat-denim-vest-for-men","8":"first","9":"instock","10":"shipping-taxable","11":"purchasable","12":"product-type-variable"},"_links":{"self":[{"href":"https:\/\/www.denim-vest.com\/fr\/wp-json\/wp\/v2\/product\/560","targetHints":{"allow":["GET"]}}],"collection":[{"href":"https:\/\/www.denim-vest.com\/fr\/wp-json\/wp\/v2\/product"}],"about":[{"href":"https:\/\/www.denim-vest.com\/fr\/wp-json\/wp\/v2\/types\/product"}],"wp:featuredmedia":[{"embeddable":true,"href":"https:\/\/www.denim-vest.com\/fr\/wp-json\/wp\/v2\/media\/573"}],"wp:attachment":[{"href":"https:\/\/www.denim-vest.com\/fr\/wp-json\/wp\/v2\/media?parent=560"}],"wp:term":[{"taxonomy":"product_brand","embeddable":true,"href":"https:\/\/www.denim-vest.com\/fr\/wp-json\/wp\/v2\/product_brand?post=560"},{"taxonomy":"product_cat","embeddable":true,"href":"https:\/\/www.denim-vest.com\/fr\/wp-json\/wp\/v2\/product_cat?post=560"},{"taxonomy":"product_tag","embeddable":true,"href":"https:\/\/www.denim-vest.com\/fr\/wp-json\/wp\/v2\/product_tag?post=560"}],"curies":[{"name":"wp","href":"https:\/\/api.w.org\/{rel}","templated":true}]}}