{"id":520,"date":"2025-01-11T15:06:22","date_gmt":"2025-01-11T15:06:22","guid":{"rendered":"https:\/\/www.denim-vest.com\/?post_type=product&#038;p=520"},"modified":"2025-06-11T00:13:41","modified_gmt":"2025-06-11T00:13:41","slug":"big-and-tall-denim-vest","status":"publish","type":"product","link":"https:\/\/www.denim-vest.com\/fr\/produit\/gilet-en-jean-big-and-tall\/","title":{"rendered":"Gilet en jean Big and tall"},"content":{"rendered":"<div class=\"product-specs-list-container\"><\/div>\n<h2>Am\u00e9liorez votre style : Le gilet en denim ultime pour les grandes tailles<\/h2>\n<p>Messieurs, \u00e9coutez bien ! Nous avons un produit qui va r\u00e9volutionner votre garde-robe. Nos v\u00eatements de haute qualit\u00e9 <strong>gilet en jean big and tall<\/strong> n'est pas seulement un v\u00eatement, c'est une pi\u00e8ce d'affirmation qui dit \"Je suis ici, je suis confiant et j'ai un go\u00fbt impeccable !\".<\/p>\n<h2>La nostalgie des ann\u00e9es 80 rencontre la masculinit\u00e9 moderne<\/h2>\n<p>Vous vous souvenez de l'\u00e9poque o\u00f9 le denim \u00e9tait roi et o\u00f9 tous les hommes cool avaient le gilet parfait ? Eh bien, nous avons ramen\u00e9 cette magie, mais avec une touche contemporaine. Ce gilet <strong>gilet en jean big and tall<\/strong> est comme si votre souvenir d'enfance pr\u00e9f\u00e9r\u00e9 avait re\u00e7u un abonnement \u00e0 une salle de sport et un dipl\u00f4me de mode. C'est nostalgique, c'est actuel et c'est absolument n\u00e9cessaire pour votre garde-robe !<\/p>\n<h2>Une veste en jean peut-elle vraiment flatter toutes les morphologies ?<\/h2>\n<p>Vous pouvez parier vos bottes qu'il le peut ! Nous avons confectionn\u00e9 ce gilet avec le plus grand soin, en veillant \u00e0 ce qu'il soit aussi beau sur vous que sur le cintre. Il est plus flatteur que les compliments de votre meilleure amie et plus polyvalent qu'un couteau suisse !<\/p>\n<p>Pour plus d'options dans des tailles plus grandes, consultez notre rubrique\u00a0<a href=\"https:\/\/www.denim-vest.com\/fr\/mens-vintage-denim-vest\/\" target=\"_blank\" rel=\"noopener noreferrer\">gilet en denim vintage pour hommes<\/a>.<\/p>\n<h2>Des caract\u00e9ristiques qui vous donneront l'impression d'\u00eatre une ic\u00f4ne du style<\/h2>\n<ul>\n<li>Construction en denim de haute qualit\u00e9 qui r\u00e9siste \u00e0 l'\u00e9preuve du temps<\/li>\n<li>Sans manches, parfait pour mettre en valeur les bras.<\/li>\n<li>D\u00e9tails d\u00e9chir\u00e9s pour une touche masculine et robuste<\/li>\n<li>Un style polyvalent qui s'associe \u00e0 toutes les tenues, des tee-shirts aux chemises \u00e0 boutons.<\/li>\n<li>Des \u00e9l\u00e9ments inspir\u00e9s des cow-boys qui ajoutent une touche de fra\u00eecheur intemporelle<\/li>\n<li>Disponible en plusieurs tailles pour garantir un ajustement parfait \u00e0 chaque corps<\/li>\n<\/ul>\n<h2>Les petits d\u00e9tails<\/h2>\n<ul>\n<li>Mati\u00e8re : Denim de coton de premi\u00e8re qualit\u00e9 pour un confort et une durabilit\u00e9 ultimes<\/li>\n<li>Style : Gilet d\u00e9contract\u00e9 inspir\u00e9 d'une veste, avec un clin d'\u0153il \u00e0 la mode des ann\u00e9es 80<\/li>\n<li>Coupe : Taill\u00e9 pour les grandes tailles, il assure une silhouette flatteuse.<\/li>\n<li>Caract\u00e9ristiques : Accents d\u00e9chir\u00e9s et d\u00e9tails denim classiques<\/li>\n<li>Polyvalence : Parfait pour les sorties d\u00e9contract\u00e9es, les superpositions ou pour se faire remarquer.<\/li>\n<\/ul>\n<p>Ne laissez pas passer cette occasion de poss\u00e9der un morceau de l'histoire de la mode ! Notre <strong>gilet en jean big and tall<\/strong> se vend plus vite que les billets pour un concert de rock. Que vous soyez un aficionado de la mode ou que vous cherchiez simplement \u00e0 am\u00e9liorer votre style, ce gilet est votre ticket pour le cool instantan\u00e9. Procurez-vous le v\u00f4tre d\u00e8s maintenant et pr\u00e9parez-vous \u00e0 faire tourner les t\u00eates partout o\u00f9 vous irez. N'oubliez pas que dans le monde de la mode masculine, l'assurance est la cl\u00e9 - et ce gilet est l'ultime moyen d'accro\u00eetre votre confiance en vous !<\/p>\n<p><img decoding=\"async\" style=\"width: 800.0px;\" src=\"https:\/\/ae01.alicdn.com\/kf\/HTB1KY6GeQ9E3KVjSZFGq6A19XXaO.jpg\" \/><\/p>","protected":false},"excerpt":{"rendered":"<p>D\u00e9couvrez la coupe parfaite avec notre gilet en denim grand et large \u2728. Confortable, \u00e9l\u00e9gant et id\u00e9al pour tout look d\u00e9contract\u00e9. Livraison gratuite - Achetez maintenant !<\/p>","protected":false},"featured_media":521,"template":"","meta":[],"product_brand":[],"product_cat":[77],"product_tag":[],"class_list":{"0":"post-520","1":"product","2":"type-product","3":"status-publish","4":"has-post-thumbnail","6":"product_cat-denim-vest-for-men","8":"first","9":"instock","10":"shipping-taxable","11":"purchasable","12":"product-type-variable"},"_links":{"self":[{"href":"https:\/\/www.denim-vest.com\/fr\/wp-json\/wp\/v2\/product\/520","targetHints":{"allow":["GET"]}}],"collection":[{"href":"https:\/\/www.denim-vest.com\/fr\/wp-json\/wp\/v2\/product"}],"about":[{"href":"https:\/\/www.denim-vest.com\/fr\/wp-json\/wp\/v2\/types\/product"}],"wp:featuredmedia":[{"embeddable":true,"href":"https:\/\/www.denim-vest.com\/fr\/wp-json\/wp\/v2\/media\/521"}],"wp:attachment":[{"href":"https:\/\/www.denim-vest.com\/fr\/wp-json\/wp\/v2\/media?parent=520"}],"wp:term":[{"taxonomy":"product_brand","embeddable":true,"href":"https:\/\/www.denim-vest.com\/fr\/wp-json\/wp\/v2\/product_brand?post=520"},{"taxonomy":"product_cat","embeddable":true,"href":"https:\/\/www.denim-vest.com\/fr\/wp-json\/wp\/v2\/product_cat?post=520"},{"taxonomy":"product_tag","embeddable":true,"href":"https:\/\/www.denim-vest.com\/fr\/wp-json\/wp\/v2\/product_tag?post=520"}],"curies":[{"name":"wp","href":"https:\/\/api.w.org\/{rel}","templated":true}]}}