{"id":469,"date":"2025-01-11T15:05:27","date_gmt":"2025-01-11T15:05:27","guid":{"rendered":"https:\/\/www.denim-vest.com\/?post_type=product&#038;p=469"},"modified":"2025-01-13T17:46:10","modified_gmt":"2025-01-13T17:46:10","slug":"red-denim-vest-womens","status":"publish","type":"product","link":"https:\/\/www.denim-vest.com\/fr\/produit\/gilet-en-jean-rouge-pour-femmes\/","title":{"rendered":"Gilet en jean rouge pour femmes"},"content":{"rendered":"<div class=\"product-specs-list-container\">\n<h2>L'\u00e9clat du style : La veste en jean rouge qui fait tourner les t\u00eates<\/h2>\n<p>Mesdames, accrochez-vous \u00e0 vos chapeaux ! Nous venons de lancer un feu d'artifice de mode qui va enflammer votre garde-robe estivale. Notre nouvelle <strong>gilet en jean rouge pour femmes<\/strong> La pi\u00e8ce n'est pas seulement un accessoire, c'est une d\u00e9claration qui crie \"Je suis l\u00e0, et je suis fabuleuse !\".<\/p>\n<h2>Un printemps estival avec une touche d'\u00e9carlate<\/h2>\n<p>Vous pensiez que les vestes en jean \u00e9taient r\u00e9serv\u00e9es aux rockers et aux rebelles ? Eh bien, d\u00e9trompez-vous ! Cette veste \u00e9l\u00e9gante est l\u00e0 pour prouver qu'une veste en denim est une bonne chose. <strong>rouge <\/strong><a href=\"https:\/\/www.denim-vest.com\/fr\/denim-vest-for-men\/\">gilet en denim womens<\/a> peut \u00eatre l'arme secr\u00e8te de toute fashionista. C'est un peu comme si vous portiez une pochette qui vous redonne confiance en vous !<\/p>\n<h2>Un gilet rouge peut-il vraiment \u00eatre polyvalent ?<\/h2>\n<p>Vous pouvez parier votre dernier dollar qu'il le peut ! Ce n'est pas n'importe quel gilet - c'est un cam\u00e9l\u00e9on qui peut vous emmener d'un brunch avec les filles \u00e0 une soir\u00e9e en ville. Il est plus adaptable que votre professeur de yoga et deux fois plus accrocheur !<\/p>\n<h2>Des caract\u00e9ristiques qui vous donneront l'impression d'\u00eatre une d\u00e9esse de la mode<\/h2>\n<ul>\n<li>Une coupe ajust\u00e9e qui \u00e9pouse vos courbes \u00e0 tous les bons endroits<\/li>\n<li>Des d\u00e9tails \u00e0 trous pour un \u00e9quilibre parfait entre \u00e9l\u00e9gance et classe.<\/li>\n<li>Des ornements en perles qui attirent la lumi\u00e8re (et l'attention de tous)<\/li>\n<li>Le style sans manches vous permet de rester au frais tout en ayant l'air sexy<\/li>\n<li>Longueur polyvalente qui s'associe parfaitement \u00e0 toutes les tenues, des robes aux jeans.<\/li>\n<li>Une teinte rouge vibrante qui ajoute une touche de couleur \u00e0 n'importe quelle tenue<\/li>\n<\/ul>\n<h2>Les petits d\u00e9tails<\/h2>\n<ul>\n<li>Mati\u00e8re : Denim de haute qualit\u00e9, \u00e0 la fois doux et durable<\/li>\n<li>Style : Gilet court d\u00e9contract\u00e9 avec une touche de mode<\/li>\n<li>Coupe : \u00c9troite et flatteuse, con\u00e7ue pour mettre en valeur votre silhouette<\/li>\n<li>Caract\u00e9ristiques : D\u00e9tails de trous et ornements en perles pour plus d'\u00e9l\u00e9gance<\/li>\n<li>Polyvalence : Parfait pour les sorties d\u00e9contract\u00e9es, les festivals d'\u00e9t\u00e9 ou pour habiller un look de soir\u00e9e<\/li>\n<\/ul>\n<p>Ne laissez pas passer cette chance de poss\u00e9der la pi\u00e8ce la plus chaude de la saison ! Notre <strong>gilet en jean rouge pour femmes<\/strong> s'envole des rayons plus vite que vous ne pouvez dire \"\u00e0 la pointe de la mode\". Que vous soyez \u00e0 l'aff\u00fbt des tendances ou que vous cherchiez simplement \u00e0 pimenter votre garde-robe, ce gilet est votre ticket pour une \u00e9l\u00e9vation instantan\u00e9e de votre style. Procurez-vous le v\u00f4tre d\u00e8s maintenant et pr\u00e9parez-vous \u00e0 transformer chaque trottoir en piste d'atterrissage personnelle. N'oubliez pas que dans le monde de la mode, il ne s'agit pas seulement de porter des v\u00eatements, mais aussi d'avoir de l'assurance, et ce gilet en a \u00e0 revendre !<\/p>\n<p>Si vous aimez ce gilet rouge vibrant, vous aimerez peut-\u00eatre aussi notre\u00a0<a href=\"https:\/\/www.denim-vest.com\/fr\/womens-cropped-denim-vest\/\" target=\"_blank\" rel=\"noopener noreferrer\">gilet crois\u00e9 en denim pour femmes<\/a>.<\/p>\n<p>&nbsp;<\/p>\n<p><img fetchpriority=\"high\" decoding=\"async\" class=\"alignnone wp-image-483\" src=\"https:\/\/www.denim-vest.com\/wp-content\/uploads\/2025\/01\/Capture-decran-2025-01-11-094705-300x209.jpg\" alt=\"\" width=\"393\" height=\"274\" srcset=\"https:\/\/www.denim-vest.com\/wp-content\/uploads\/2025\/01\/Capture-decran-2025-01-11-094705-300x209.jpg 300w, https:\/\/www.denim-vest.com\/wp-content\/uploads\/2025\/01\/Capture-decran-2025-01-11-094705-150x105.jpg 150w, https:\/\/www.denim-vest.com\/wp-content\/uploads\/2025\/01\/Capture-decran-2025-01-11-094705.jpg 586w\" sizes=\"(max-width: 393px) 100vw, 393px\" \/><\/p>\n<\/div>\n<div class=\"detailmodule_html\">\n<div class=\"detail-desc-decorate-richtext\">\n<div class=\"detailmodule_dynamic\"><\/div>\n<p><img decoding=\"async\" src=\"https:\/\/ae01.alicdn.com\/kf\/Sfb39808c83fb4e94ac5d4ee1501a2a79i.jpg\" \/><\/p>\n<\/div>\n<\/div>","protected":false},"excerpt":{"rendered":"<p>Faites-vous remarquer avec notre gilet en denim rouge pour femmes \u2764\ufe0f. Audacieuse, \u00e9l\u00e9gante et parfaite pour toutes les tenues. Livraison gratuite - achetez maintenant et d\u00e9marquez-vous !<\/p>","protected":false},"featured_media":470,"template":"","meta":[],"product_brand":[],"product_cat":[78],"product_tag":[],"class_list":{"0":"post-469","1":"product","2":"type-product","3":"status-publish","4":"has-post-thumbnail","6":"product_cat-denim-vest-women","8":"first","9":"instock","10":"shipping-taxable","11":"purchasable","12":"product-type-variable"},"_links":{"self":[{"href":"https:\/\/www.denim-vest.com\/fr\/wp-json\/wp\/v2\/product\/469","targetHints":{"allow":["GET"]}}],"collection":[{"href":"https:\/\/www.denim-vest.com\/fr\/wp-json\/wp\/v2\/product"}],"about":[{"href":"https:\/\/www.denim-vest.com\/fr\/wp-json\/wp\/v2\/types\/product"}],"wp:featuredmedia":[{"embeddable":true,"href":"https:\/\/www.denim-vest.com\/fr\/wp-json\/wp\/v2\/media\/470"}],"wp:attachment":[{"href":"https:\/\/www.denim-vest.com\/fr\/wp-json\/wp\/v2\/media?parent=469"}],"wp:term":[{"taxonomy":"product_brand","embeddable":true,"href":"https:\/\/www.denim-vest.com\/fr\/wp-json\/wp\/v2\/product_brand?post=469"},{"taxonomy":"product_cat","embeddable":true,"href":"https:\/\/www.denim-vest.com\/fr\/wp-json\/wp\/v2\/product_cat?post=469"},{"taxonomy":"product_tag","embeddable":true,"href":"https:\/\/www.denim-vest.com\/fr\/wp-json\/wp\/v2\/product_tag?post=469"}],"curies":[{"name":"wp","href":"https:\/\/api.w.org\/{rel}","templated":true}]}}