{"id":453,"date":"2025-01-11T14:43:35","date_gmt":"2025-01-11T14:43:35","guid":{"rendered":"https:\/\/www.denim-vest.com\/?post_type=product&#038;p=453"},"modified":"2025-01-14T04:09:57","modified_gmt":"2025-01-14T04:09:57","slug":"mens-red-denim-vest","status":"publish","type":"product","link":"https:\/\/www.denim-vest.com\/fr\/produit\/gilet-en-jean-rouge-pour-hommes\/","title":{"rendered":"Gilet en denim rouge pour homme"},"content":{"rendered":"<div class=\"product-specs-list-container\"><\/div>\n<div class=\"detailmodule_html\">\n<div class=\"detail-desc-decorate-richtext\">\n<div style=\"text-align: center;\" align=\"center\"><\/div>\n<div><\/div>\n<p style=\"text-align: center;\" align=\"center\"><img decoding=\"async\" src=\"https:\/\/ae01.alicdn.com\/kf\/HTB1cenLd2WG3KVjSZFPq6xaiXXa5.jpg\" \/><\/p>\n<div class=\"detailmodule_dynamic\" style=\"text-align: center;\" align=\"center\"><\/div>\n<p style=\"text-align: center;\" align=\"center\">\n<\/div>\n<\/div>\n<h2>Lib\u00e9rez le rebelle qui sommeille en vous avec notre gilet en jean rouge pour hommes<\/h2>\n<p>Messieurs, imaginez ceci : vous roulez sur la route, le vent dans les cheveux, et tous les regards se tournent vers vous. Pourquoi ? Parce que vous faites vibrer notre <strong>gilet en jean rouge pour hommes<\/strong>Le mod\u00e8le de l'homme d'affaires, une pi\u00e8ce qui crie la confiance et le style plus fort qu'un moteur en marche !<\/p>\n<h2>La pi\u00e8ce d'automne parfaite pour l'homme moderne<\/h2>\n<p>Nous sommes tous pass\u00e9s par l\u00e0, regardant notre garde-robe, avec l'impression d'\u00eatre coinc\u00e9s dans une orni\u00e8re stylistique. Il est temps de se lib\u00e9rer ! Nos <strong>gilet en jean rouge pour hommes<\/strong> est le changement de jeu que vous attendiez. C'est comme cette trouvaille vintage que vous avez toujours r\u00eav\u00e9 de d\u00e9couvrir, mais avec une touche de modernit\u00e9 qui fera parler de vous.<\/p>\n<h2>Une veste en jean rouge peut-elle vraiment transformer votre look ?<\/h2>\n<p>Absolument ! Ce n'est pas n'importe quel gilet - c'est une d\u00e9claration. Superposez-le \u00e0 un tee-shirt blanc impeccable pour un look rebelle classique, enfilez-le par-dessus une chemise \u00e0 manches longues pour une touche d'avant-garde automnale, ou associez-le \u00e0 votre jean fonc\u00e9 pr\u00e9f\u00e9r\u00e9 pour un ensemble qui fait tourner les t\u00eates. C'est comme si vous aviez une arme secr\u00e8te dans votre placard, pr\u00eate \u00e0 faire passer n'importe quelle tenue de l'ordinaire \u00e0 l'extraordinaire.<\/p>\n<h2>Des caract\u00e9ristiques qui vous feront sortir du lot<\/h2>\n<ul>\n<li>Tissu denim rouge accrocheur<\/li>\n<li>Un design d'inspiration vintage avec une touche de modernit\u00e9<\/li>\n<li>D\u00e9tails de rivets \u00e9l\u00e9gants pour plus d'originalit\u00e9<\/li>\n<li>Coupe sans manches, id\u00e9ale pour les superpositions<\/li>\n<li>D\u00e9tails de trous r\u00e9tro pour un look plus habit\u00e9<\/li>\n<li>Disponible jusqu'\u00e0 5XL pour une taille inclusive<\/li>\n<\/ul>\n<h2>D\u00e9tails techniques pour les personnes soucieuses de leur style<\/h2>\n<ul>\n<li>Mati\u00e8re : Denim de haute qualit\u00e9<\/li>\n<li>Couleur : rouge vif<\/li>\n<li>Style : Gilet sans manches avec accents de rivets<\/li>\n<li>Coupe : R\u00e9guli\u00e8re \u00e0 d\u00e9contract\u00e9e<\/li>\n<li>Gamme de tailles : Jusqu'\u00e0 5XL<\/li>\n<li>Saison : Parfait pour les superpositions d'automne<\/li>\n<\/ul>\n<p>Si vous aimez ce gilet rouge, vous aimerez peut-\u00eatre aussi notre\u00a0<a href=\"https:\/\/www.denim-vest.com\/fr\/black-denim-vest-mens\/\" target=\"_blank\" rel=\"noopener noreferrer\">gilet en jean noir pour hommes<\/a>.<\/p>\n<p>Ne laissez pas passer cette chance de red\u00e9finir votre style ! Notre <strong>gilet en jean rouge pour hommes<\/strong> s'envole des rayons plus vite qu'une voiture de collection aux ench\u00e8res. Prenez le v\u00f4tre d\u00e8s maintenant et pr\u00e9parez-vous \u00e0 faire tourner les t\u00eates, \u00e0 faire des d\u00e9clarations et \u00e0 vous sentir comme l'ic\u00f4ne de style que vous avez toujours voulu \u00eatre. Croyez-nous, votre garde-robe (et votre confiance) vous remerciera !<\/p>","protected":false},"excerpt":{"rendered":"<p>D\u00e9marquez-vous avec notre gilet en denim rouge pour homme \u2764\ufe0f. Un style audacieux et une polyvalence in\u00e9gal\u00e9e pour tous les looks. Livraison gratuite - ajoutez-la \u00e0 votre garde-robe d\u00e8s aujourd'hui !<\/p>","protected":false},"featured_media":467,"template":"","meta":[],"product_brand":[],"product_cat":[77],"product_tag":[],"class_list":{"0":"post-453","1":"product","2":"type-product","3":"status-publish","4":"has-post-thumbnail","6":"product_cat-denim-vest-for-men","8":"first","9":"instock","10":"shipping-taxable","11":"purchasable","12":"product-type-variable"},"_links":{"self":[{"href":"https:\/\/www.denim-vest.com\/fr\/wp-json\/wp\/v2\/product\/453","targetHints":{"allow":["GET"]}}],"collection":[{"href":"https:\/\/www.denim-vest.com\/fr\/wp-json\/wp\/v2\/product"}],"about":[{"href":"https:\/\/www.denim-vest.com\/fr\/wp-json\/wp\/v2\/types\/product"}],"wp:featuredmedia":[{"embeddable":true,"href":"https:\/\/www.denim-vest.com\/fr\/wp-json\/wp\/v2\/media\/467"}],"wp:attachment":[{"href":"https:\/\/www.denim-vest.com\/fr\/wp-json\/wp\/v2\/media?parent=453"}],"wp:term":[{"taxonomy":"product_brand","embeddable":true,"href":"https:\/\/www.denim-vest.com\/fr\/wp-json\/wp\/v2\/product_brand?post=453"},{"taxonomy":"product_cat","embeddable":true,"href":"https:\/\/www.denim-vest.com\/fr\/wp-json\/wp\/v2\/product_cat?post=453"},{"taxonomy":"product_tag","embeddable":true,"href":"https:\/\/www.denim-vest.com\/fr\/wp-json\/wp\/v2\/product_tag?post=453"}],"curies":[{"name":"wp","href":"https:\/\/api.w.org\/{rel}","templated":true}]}}