{"id":354,"date":"2025-01-11T15:02:26","date_gmt":"2025-01-11T15:02:26","guid":{"rendered":"https:\/\/www.denim-vest.com\/?post_type=product&#038;p=354"},"modified":"2025-01-14T04:15:23","modified_gmt":"2025-01-14T04:15:23","slug":"sleeveless-denim-vest-mens","status":"publish","type":"product","link":"https:\/\/www.denim-vest.com\/fr\/produit\/gilet-de-denim-sans-manches-pour-hommes\/","title":{"rendered":"Gilet sans manches en denim pour hommes"},"content":{"rendered":"<h2>Lib\u00e9rez le rebelle qui sommeille en vous : Le gilet en jean sans manches ultime pour les hommes<\/h2>\n<p>Messieurs, pr\u00e9parez-vous \u00e0 \u00e9lever votre niveau de style ! Nous sommes ravis de vous pr\u00e9senter notre <strong>gilet de denim sans manches pour hommes<\/strong> Ce chef-d'\u0153uvre est sur le point de devenir votre pi\u00e8ce ma\u00eetresse. C'est comme si vous portiez une tranche de r\u00e9bellion, avec un c\u00f4t\u00e9 purement cool !<\/p>\n<h2>L\u00e0 o\u00f9 l'avantage du motard rencontre le cool du cow-boy : Un gilet pour tous les francs-tireurs<\/h2>\n<p>Vous souvenez-vous du jour o\u00f9 vous avez r\u00eav\u00e9 de prendre la route, le vent dans les cheveux, avec une allure de badass sans effort ? Eh bien, pincez-vous, car il ne s'agit pas d'un r\u00eave ! Notre <strong>gilet de denim sans manches pour hommes<\/strong> offering est une v\u00e9ritable affaire. Il ne s'agit pas seulement d'un gilet, mais d'un choix de vie qui crie : \"Je marche au rythme de mon propre tambour, et j'ai l'air sacr\u00e9ment bien en le faisant !<\/p>\n<h2>Une seule veste peut-elle vraiment combiner les vibrations hip-hop, motardes et cow-boy ?<\/h2>\n<p>Vous pouvez parier votre paire de bottes pr\u00e9f\u00e9r\u00e9e qu'il le peut ! Ce gilet polyvalent est comme un cam\u00e9l\u00e9on du cool, s'adaptant \u00e0 votre style tout en gardant son avantage. Que vous soyez en train de canaliser la star du rap qui sommeille en vous, de vous pr\u00e9parer \u00e0 une balade en moto ou d'embrasser votre esprit cow-boy, ce gilet vous couvre (enfin, en partie) !<\/p>\n<h2>Des caract\u00e9ristiques qui vous donneront l'impression d'\u00eatre une ic\u00f4ne du style<\/h2>\n<ul>\n<li>Design d\u00e9chir\u00e9 pour un look parfaitement us\u00e9 et rebelle<\/li>\n<li>Coupe sans manches pour montrer vos bras et vous garder au frais<\/li>\n<li>Un style polyvalent qui convient aussi bien aux motards qu'aux cow-boys et aux amateurs de hip-hop.<\/li>\n<li>Construction en denim durable qui peut faire face \u00e0 vos aventures les plus folles<\/li>\n<li>Disponible en grandes tailles jusqu'\u00e0 6XL, parce que le style n'a pas de limite de taille.<\/li>\n<li>Parfait pour superposer ou porter seul pour se faire remarquer<\/li>\n<\/ul>\n<h2>Les d\u00e9tails pratiques<\/h2>\n<ul>\n<li>Mati\u00e8re : Denim de haute qualit\u00e9 qui s'am\u00e9liore au fil des utilisations<\/li>\n<li>Style : Gilet polyvalent qui combine de multiples influences de la mode<\/li>\n<li>Taille : Taille r\u00e9elle, avec des options allant jusqu'\u00e0 6XL pour un style inclusif<\/li>\n<li>Caract\u00e9ristiques : D\u00e9tails d\u00e9chir\u00e9s pour plus d'originalit\u00e9 et de caract\u00e8re<\/li>\n<li>Polyvalence : Id\u00e9al pour les balades en moto, les festivals de musique ou les sorties d\u00e9contract\u00e9es<\/li>\n<\/ul>\n<p>Pour un look classique, pensez \u00e0 notre\u00a0<a href=\"https:\/\/www.denim-vest.com\/fr\/black-denim-vest-mens\/\" target=\"_blank\" rel=\"noopener noreferrer\">gilet en jean noir pour hommes<\/a>.<\/p>\n<p>Ne laissez pas passer cette chance de poss\u00e9der la pi\u00e8ce la plus polyvalente de votre garde-robe ! Notre <strong>sans manches <a href=\"https:\/\/www.denim-vest.com\/fr\/denim-vest-for-men\/\">gilet en denim pour hommes<\/a><\/strong> se vend plus vite que les billets d'un concert \u00e0 guichets ferm\u00e9s. Procurez-vous la v\u00f4tre d\u00e8s maintenant et pr\u00e9parez-vous \u00e0 faire tourner les t\u00eates, que vous soyez sur une Harley, \u00e0 un concert de hip-hop ou simplement en train de vous pavaner dans Main Street. N'oubliez pas que dans le monde de la mode, il ne s'agit pas de s'int\u00e9grer, mais de se d\u00e9marquer !<\/p>\n<p><img decoding=\"async\" style=\"box-sizing: border-box; padding: 0px; margin: 0px; border-style: none; vertical-align: middle; max-width: 100%; color: #0070c0; font-family: arial, helvetica, sans-serif; font-size: 20px; font-style: normal; font-variant-ligatures: normal; font-variant-caps: normal; font-weight: 400; letter-spacing: normal; orphans: 2; text-align: center; text-indent: 0px; text-transform: none; white-space: normal; widows: 2; word-spacing: 0px; -webkit-text-stroke-width: 0px; background-color: #ffffff; text-decoration-style: initial; text-decoration-color: initial;\" src=\"https:\/\/ae01.alicdn.com\/kf\/Hb2e30eae071949ef8f9f1c9de40d8bd4V.jpg?width=800&amp;height=488&amp;hash=1288\" \/><\/p>\n<p>&nbsp;<\/p>","protected":false},"excerpt":{"rendered":"<p>Restez cool et \u00e9l\u00e9gant avec notre gilet en denim sans manches pour hommes. Parfait pour superposer ou porter seul. Livraison gratuite - saisissez la v\u00f4tre maintenant !<\/p>","protected":false},"featured_media":355,"template":"","meta":[],"product_brand":[],"product_cat":[77],"product_tag":[],"class_list":{"0":"post-354","1":"product","2":"type-product","3":"status-publish","4":"has-post-thumbnail","6":"product_cat-denim-vest-for-men","8":"first","9":"instock","10":"shipping-taxable","11":"purchasable","12":"product-type-variable"},"_links":{"self":[{"href":"https:\/\/www.denim-vest.com\/fr\/wp-json\/wp\/v2\/product\/354","targetHints":{"allow":["GET"]}}],"collection":[{"href":"https:\/\/www.denim-vest.com\/fr\/wp-json\/wp\/v2\/product"}],"about":[{"href":"https:\/\/www.denim-vest.com\/fr\/wp-json\/wp\/v2\/types\/product"}],"wp:featuredmedia":[{"embeddable":true,"href":"https:\/\/www.denim-vest.com\/fr\/wp-json\/wp\/v2\/media\/355"}],"wp:attachment":[{"href":"https:\/\/www.denim-vest.com\/fr\/wp-json\/wp\/v2\/media?parent=354"}],"wp:term":[{"taxonomy":"product_brand","embeddable":true,"href":"https:\/\/www.denim-vest.com\/fr\/wp-json\/wp\/v2\/product_brand?post=354"},{"taxonomy":"product_cat","embeddable":true,"href":"https:\/\/www.denim-vest.com\/fr\/wp-json\/wp\/v2\/product_cat?post=354"},{"taxonomy":"product_tag","embeddable":true,"href":"https:\/\/www.denim-vest.com\/fr\/wp-json\/wp\/v2\/product_tag?post=354"}],"curies":[{"name":"wp","href":"https:\/\/api.w.org\/{rel}","templated":true}]}}