{"id":323,"date":"2025-01-11T15:04:05","date_gmt":"2025-01-11T15:04:05","guid":{"rendered":"https:\/\/www.denim-vest.com\/?post_type=product&#038;p=323"},"modified":"2025-01-13T17:45:09","modified_gmt":"2025-01-13T17:45:09","slug":"mens-denim-motorcycle-vest","status":"publish","type":"product","link":"https:\/\/www.denim-vest.com\/fr\/produit\/gilet-de-moto-en-denim-pour-hommes\/","title":{"rendered":"Gilet de moto en denim pour hommes"},"content":{"rendered":"<div>\n<h2>Ravivez votre style : Le gilet de moto en denim pour homme par excellence<\/h2>\n<p>Attention, guerriers de la route et f\u00e9rus de style ! Attachez vos ceintures, car nous sommes sur le point d'emmener votre garde-robe dans une course effr\u00e9n\u00e9e avec notre 2024 <strong>gilet de moto en denim pour hommes<\/strong>. Ce n'est pas seulement un gilet, c'est une d\u00e9claration sur roues !<\/p>\n<p>Pour un style diff\u00e9rent, jetez un coup d'\u0153il \u00e0 nos\u00a0<a href=\"https:\/\/www.denim-vest.com\/fr\/mens-biker-denim-vest\/\" target=\"_blank\" rel=\"noopener noreferrer\">gilet de denim biker pour hommes<\/a>.<\/p>\n<h2>Quand le r\u00e9tro rencontre la route : Un \u00e9quipement de moto \u00e0 la pointe de la mode<\/h2>\n<p>Vous souvenez-vous du jour o\u00f9 vous avez r\u00eav\u00e9 de prendre la route avec l'air d'un million de dollars ? Eh bien, pincez-vous, car ce r\u00eave vient de devenir r\u00e9alit\u00e9. Notre <strong>gilet de moto en denim pour hommes<\/strong> est la fusion parfaite entre le cool de la vieille \u00e9cole et le style de la nouvelle \u00e8re. C'est comme si votre trouvaille vintage pr\u00e9f\u00e9r\u00e9e avait \u00e9t\u00e9 relook\u00e9e \u00e0 l'extr\u00eame !<\/p>\n<h2>Une veste en jean peut-elle vraiment r\u00e9sister aux exigences de la route ?<\/h2>\n<p>Vous pouvez parier sur vos tuyaux chrom\u00e9s qu'il le peut ! Ce n'est pas n'importe quel gilet - c'est une centrale polyvalente con\u00e7ue pour vous emmener de l'autoroute \u00e0 l'endroit o\u00f9 vous vous retrouvez sans perdre un instant. Il est plus r\u00e9sistant qu'un steak \u00e0 deux dollars et plus adaptable qu'un cam\u00e9l\u00e9on dans une discoth\u00e8que !<\/p>\n<h2>Des caract\u00e9ristiques qui feront de vous le roi de la route<\/h2>\n<ul>\n<li>Un design d'inspiration r\u00e9tro avec une fonctionnalit\u00e9 moderne<\/li>\n<li>Construction en denim durable qui peut supporter les rigueurs du voyage<\/li>\n<li>Un style polyvalent qui passe sans probl\u00e8me du v\u00e9lo au bar<\/li>\n<li>Parfait pour superposer des couches par temps frais ou pour porter seul par temps chaud<\/li>\n<li>Un look \u00e0 la fois d\u00e9contract\u00e9 et audacieux qui fait tourner les t\u00eates sur et en dehors du v\u00e9lo.<\/li>\n<li>Multiples poches pour tous les \u00e9l\u00e9ments essentiels \u00e0 la conduite<\/li>\n<\/ul>\n<h2>Les petits d\u00e9tails<\/h2>\n<ul>\n<li>Mati\u00e8re : Denim de haute qualit\u00e9 qui s'am\u00e9liore au fil des kilom\u00e8tres<\/li>\n<li>Style : Gilet d'inspiration motocycliste avec une touche de mode<\/li>\n<li>Taille : Conforme \u00e0 la taille, con\u00e7u pour le confort sur les longs trajets<\/li>\n<li>Caract\u00e9ristiques : Coutures renforc\u00e9es pour une plus grande durabilit\u00e9<\/li>\n<li>Polyvalence : Id\u00e9al pour les balades en moto, les sorties d\u00e9contract\u00e9es ou les d\u00e9clarations de mode<\/li>\n<\/ul>\n<p>Ne laissez pas passer cette chance de poss\u00e9der la pi\u00e8ce la plus cool de votre garde-robe d'\u00e9quitation ! Notre 2024 <strong>gilet de moto en denim pour hommes<\/strong> se vend plus vite qu'une moto de sport sur une autoroute. Que vous soyez un motard chevronn\u00e9 ou que vous aimiez simplement l'esth\u00e9tique des motards, ce gilet est votre ticket pour le cool instantan\u00e9. Procurez-vous le v\u00f4tre d\u00e8s maintenant et pr\u00e9parez-vous \u00e0 dominer la route avec style. N'oubliez pas que dans le monde de la mode et de la moto, l'important n'est pas la destination, mais d'avoir l'air g\u00e9nial pendant le voyage !<\/p>\n<\/div>\n<p style=\"font-size: 0px; margin: 0px; display: block; width: 100%;\"><img decoding=\"async\" class=\"\" style=\"width: 1250px;\" src=\"https:\/\/ae01.alicdn.com\/kf\/S249cdc4fe70a48be889220fde2ae46dbM.jpg?width=615&amp;height=442&amp;hash=1057\" width=\"100%\" height=\"898\" \/><\/p>","protected":false},"excerpt":{"rendered":"<p>Roulez avec style gr\u00e2ce \u00e0 notre gilet de moto en denim pour homme \ufe0f. Durable, robuste et parfait pour votre prochaine aventure. Livraison gratuite - commandez la v\u00f4tre d\u00e8s aujourd'hui !<\/p>","protected":false},"featured_media":340,"template":"","meta":[],"product_brand":[],"product_cat":[77],"product_tag":[],"class_list":{"0":"post-323","1":"product","2":"type-product","3":"status-publish","4":"has-post-thumbnail","6":"product_cat-denim-vest-for-men","8":"first","9":"instock","10":"shipping-taxable","11":"purchasable","12":"product-type-variable"},"_links":{"self":[{"href":"https:\/\/www.denim-vest.com\/fr\/wp-json\/wp\/v2\/product\/323","targetHints":{"allow":["GET"]}}],"collection":[{"href":"https:\/\/www.denim-vest.com\/fr\/wp-json\/wp\/v2\/product"}],"about":[{"href":"https:\/\/www.denim-vest.com\/fr\/wp-json\/wp\/v2\/types\/product"}],"wp:featuredmedia":[{"embeddable":true,"href":"https:\/\/www.denim-vest.com\/fr\/wp-json\/wp\/v2\/media\/340"}],"wp:attachment":[{"href":"https:\/\/www.denim-vest.com\/fr\/wp-json\/wp\/v2\/media?parent=323"}],"wp:term":[{"taxonomy":"product_brand","embeddable":true,"href":"https:\/\/www.denim-vest.com\/fr\/wp-json\/wp\/v2\/product_brand?post=323"},{"taxonomy":"product_cat","embeddable":true,"href":"https:\/\/www.denim-vest.com\/fr\/wp-json\/wp\/v2\/product_cat?post=323"},{"taxonomy":"product_tag","embeddable":true,"href":"https:\/\/www.denim-vest.com\/fr\/wp-json\/wp\/v2\/product_tag?post=323"}],"curies":[{"name":"wp","href":"https:\/\/api.w.org\/{rel}","templated":true}]}}