{"id":282,"date":"2025-01-11T14:59:32","date_gmt":"2025-01-11T14:59:32","guid":{"rendered":"https:\/\/www.denim-vest.com\/?post_type=product&#038;p=282"},"modified":"2025-01-14T04:14:52","modified_gmt":"2025-01-14T04:14:52","slug":"black-denim-vest-mens","status":"publish","type":"product","link":"https:\/\/www.denim-vest.com\/fr\/produit\/gilet-en-denim-noir-pour-hommes\/","title":{"rendered":"Gilet en denim noir pour hommes"},"content":{"rendered":"<div class=\"product-specs-list-container\">\n<h2>Lib\u00e9rez le rebelle qui sommeille en vous gr\u00e2ce \u00e0 notre gilet en jean noir pour hommes<\/h2>\n<p>Messieurs, \u00e9coutez ! Nous avons entre les mains un produit qui change la donne : le <strong>gilet en denim noir pour hommes<\/strong> qui est sur le point de r\u00e9volutionner votre garde-robe. C'est comme si vous vous enveloppiez dans une tranche d'histoire du rock 'n' roll !<\/p>\n<p>Si vous aimez ce gilet noir, vous aimerez peut-\u00eatre aussi notre\u00a0<a href=\"https:\/\/www.denim-vest.com\/fr\/mens-red-denim-vest\/\" target=\"_blank\" rel=\"noopener noreferrer\">gilet en jean rouge pour hommes<\/a>.<\/p>\n<h2>Les vibrations vintage rencontrent la modernit\u00e9 dans cette merveille sans manches<\/h2>\n<p>Vous vous souvenez de ces vieilles photos de votre p\u00e8re \u00e0 l'allure incroyablement cool ? Eh bien, c'est votre tour maintenant ! Notre <strong>gilet en denim noir pour hommes<\/strong> est une machine \u00e0 remonter le temps qui vous transportera directement \u00e0 l'\u00e2ge d'or de la r\u00e9bellion, avec une touche de modernit\u00e9 qui vous maintiendra fermement dans le pr\u00e9sent. Ce n'est pas seulement un v\u00eatement, c'est une pi\u00e8ce d'affirmation qui chuchote (ou plut\u00f4t qui crie) \"J'ai de l'attitude, et je n'ai pas peur de le montrer !\"<\/p>\n<h2>Un simple gilet peut-il vraiment transformer votre look ?<\/h2>\n<p>Vous pouvez parier votre disque de vinyle pr\u00e9f\u00e9r\u00e9 qu'il le peut ! Ce n'est pas n'importe quel gilet - il permet d'engager la conversation, de renforcer la confiance en soi et de rehausser le style, le tout r\u00e9uni dans un seul ensemble sans manches. Que vous vous rendiez \u00e0 un concert ou que vous souhaitiez simplement ajouter un peu de piquant \u00e0 votre look de tous les jours, ce gilet vous couvre (litt\u00e9ralement) !<\/p>\n<h2>Des fonctionnalit\u00e9s qui vous donneront l'impression d'\u00eatre une rock star<\/h2>\n<ul>\n<li>Un design vintage qui respire l'authenticit\u00e9<\/li>\n<li>Coupe sans manches pour un maximum de fra\u00eecheur (et pour montrer ses bras)<\/li>\n<li>Trous d\u00e9chir\u00e9s pour un look parfaitement us\u00e9<\/li>\n<li>Un style r\u00e9tro qui s'associe \u00e0 toutes les tenues, des tee-shirts aux chemises \u00e0 boutons.<\/li>\n<li>Couleur noire polyvalente qui s'accorde litt\u00e9ralement avec tout<\/li>\n<li>Construction en denim durable qui peut faire face \u00e0 vos aventures les plus folles<\/li>\n<\/ul>\n<h2>Les petits d\u00e9tails<\/h2>\n<ul>\n<li>Mati\u00e8re : Denim de haute qualit\u00e9 qui s'am\u00e9liore avec l'\u00e2ge<\/li>\n<li>Style : Gilet d'inspiration vintage avec une touche de modernit\u00e9<\/li>\n<li>Couleur : noir classique pour des options de style infinies<\/li>\n<li>Taille : True to size, permettant de superposer les couches<\/li>\n<li>Entretien : Lavable en machine (mais il a l'air encore plus cool quand il est un peu sale)<\/li>\n<\/ul>\n<p>Ne laissez pas passer cette chance de poss\u00e9der un morceau d'histoire du style ! Notre <strong>gilet en denim noir pour hommes<\/strong> s'envole plus vite que les billets pour un concert secret. Achetez la v\u00f4tre d\u00e8s maintenant et pr\u00e9parez-vous \u00e0 faire tourner les t\u00eates, que vous soyez \u00e0 un festival de musique ou simplement en train de vous pavaner dans la rue. N'oubliez pas que dans le monde de la mode, il ne s'agit pas seulement de porter des v\u00eatements, mais aussi d'avoir confiance en soi !<\/p>\n<p>&nbsp;<\/p>\n<\/div>\n<div>\n<div>\n<div style=\"text-align: center;\" align=\"center\"><\/div>\n<p style=\"text-align: center;\" align=\"center\"><img decoding=\"async\" src=\"https:\/\/ae01.alicdn.com\/kf\/Sc19c90727d6c4fa1992cee89ee8b451au.jpg\" \/><\/p>\n<div style=\"text-align: center;\" align=\"center\"><\/div>\n<div><\/div>\n<div><\/div>\n<\/div>\n<\/div>","protected":false},"excerpt":{"rendered":"<p>Ajoutez une touche d'audace \u00e0 votre garde-robe avec notre gilet en denim noir pour hommes. Polyvalent, \u00e9l\u00e9gant et parfait pour toutes les occasions. Livraison gratuite - achetez-la d\u00e8s aujourd'hui !<\/p>","protected":false},"featured_media":283,"template":"","meta":[],"product_brand":[],"product_cat":[77],"product_tag":[],"class_list":{"0":"post-282","1":"product","2":"type-product","3":"status-publish","4":"has-post-thumbnail","6":"product_cat-denim-vest-for-men","8":"first","9":"instock","10":"shipping-taxable","11":"purchasable","12":"product-type-variable"},"_links":{"self":[{"href":"https:\/\/www.denim-vest.com\/fr\/wp-json\/wp\/v2\/product\/282","targetHints":{"allow":["GET"]}}],"collection":[{"href":"https:\/\/www.denim-vest.com\/fr\/wp-json\/wp\/v2\/product"}],"about":[{"href":"https:\/\/www.denim-vest.com\/fr\/wp-json\/wp\/v2\/types\/product"}],"wp:featuredmedia":[{"embeddable":true,"href":"https:\/\/www.denim-vest.com\/fr\/wp-json\/wp\/v2\/media\/283"}],"wp:attachment":[{"href":"https:\/\/www.denim-vest.com\/fr\/wp-json\/wp\/v2\/media?parent=282"}],"wp:term":[{"taxonomy":"product_brand","embeddable":true,"href":"https:\/\/www.denim-vest.com\/fr\/wp-json\/wp\/v2\/product_brand?post=282"},{"taxonomy":"product_cat","embeddable":true,"href":"https:\/\/www.denim-vest.com\/fr\/wp-json\/wp\/v2\/product_cat?post=282"},{"taxonomy":"product_tag","embeddable":true,"href":"https:\/\/www.denim-vest.com\/fr\/wp-json\/wp\/v2\/product_tag?post=282"}],"curies":[{"name":"wp","href":"https:\/\/api.w.org\/{rel}","templated":true}]}}