{"id":144,"date":"2025-01-11T14:40:48","date_gmt":"2025-01-11T14:40:48","guid":{"rendered":"https:\/\/www.denim-vest.com\/?post_type=product&#038;p=144"},"modified":"2025-01-14T04:09:27","modified_gmt":"2025-01-14T04:09:27","slug":"denim-vest-women-oversized","status":"publish","type":"product","link":"https:\/\/www.denim-vest.com\/fr\/produit\/gilet-en-denim-pour-femmes-surdimensionne\/","title":{"rendered":"Gilet en denim surdimensionn\u00e9 pour femmes"},"content":{"rendered":"<div class=\"product-specs-list-container\">\n<p>&nbsp;<\/p>\n<\/div>\n<div class=\"detailmodule_html\">\n<div class=\"detail-desc-decorate-richtext\">\n<div style=\"text-align: center;\">\n<p style=\"margin: 0px;\"><br style=\"box-sizing: border-box; color: #000000; font-family: 'Open Sans', Arial, Helvetica, sans-serif, Heiti; font-size: 14px; font-style: normal; font-variant-ligatures: normal; font-variant-caps: normal; font-weight: 400; letter-spacing: normal; orphans: 2; text-align: center; text-indent: 0px; text-transform: none; white-space: normal; widows: 2; word-spacing: 0px; -webkit-text-stroke-width: 0px; background-color: #ffffff; text-decoration-style: initial; text-decoration-color: initial;\" \/><img decoding=\"async\" style=\"box-sizing: border-box; border-style: none; vertical-align: middle; max-width: 100%; color: #000000; font-family: 'Open Sans', Arial, Helvetica, sans-serif, Heiti; font-size: 14px; font-style: normal; font-variant-ligatures: normal; font-variant-caps: normal; font-weight: 400; letter-spacing: normal; orphans: 2; text-align: center; text-indent: 0px; text-transform: none; white-space: normal; widows: 2; word-spacing: 0px; -webkit-text-stroke-width: 0px; background-color: #ffffff; text-decoration-style: initial; text-decoration-color: initial;\" src=\"https:\/\/ae01.alicdn.com\/kf\/S0aea282db9e3499e9e959a99c178ff46Q.jpg?width=1000&amp;height=541&amp;hash=1541\" data-spm-anchor-id=\"a2g0o.detail.1000023.i2.104674e4n0GR5I\" \/><\/p>\n<p style=\"margin: 0px;\"><strong><span style=\"font-family: Arial,Helvetica,sans-serif;\"><span style=\"font-size: 20px;\">S Epaule : 49cm Buste : 108cm Longueur : 61cm<br \/>\nM Epaule : 50cm Buste : 112cm Longueur : 62cm<br \/>\nL Epaule : 51cm Buste : 116cm Longueur : 63cm<br \/>\nXL Epaule : 52cm Buste : 120cm Longueur : 64cm<br \/>\n2XL Epaule : 53cm Poitrine : 124cm Longueur : 65cm<br \/>\nNote : (1 pouce = 2,54 cm, 1 cm = 0,39 pouce)<\/span><\/span><\/strong><\/p>\n<\/div>\n<\/div>\n<\/div>\n<h2>Adoptez un style audacieux avec notre gilet en jean surdimensionn\u00e9 pour femmes<\/h2>\n<p>Mesdames, parlons de l'art de se mettre en valeur. Imaginez que vous vous pavaniez dans la rue en ayant l'impression de sortir d'un d\u00e9fil\u00e9 de la semaine de la mode. C'est le pouvoir de nos <strong>gilet en denim pour femmes surdimensionn\u00e9<\/strong> pi\u00e8ce. Il ne s'agit pas seulement d'un v\u00eatement, mais d'une attitude, d'une ambiance, d'un \u00e9tat d'esprit envelopp\u00e9 dans un seul v\u00eatement fabuleux !<\/p>\n<h2>L'essentiel des v\u00eatements de ville pour 2024<\/h2>\n<p>Nous sommes tous pass\u00e9s par l\u00e0, \u00e0 regarder notre armoire, en ayant l'impression d'\u00eatre dans une orni\u00e8re stylistique. Il est temps de s'en lib\u00e9rer ! Nos <strong>gilet en denim pour femmes surdimensionn\u00e9<\/strong> est le produit qui change la donne et que vous attendiez. C'est comme cette amie cool qui conna\u00eet toujours les derni\u00e8res tendances avant tout le monde - chic sans effort et toujours \u00e0 l'avant-garde.<\/p>\n<h2>Comment une veste en jean surdimensionn\u00e9e peut-elle rehausser votre style ?<\/h2>\n<p>De plus de fa\u00e7ons que vous ne pouvez l'imaginer ! Ce gilet est votre ticket pour un look instantan\u00e9ment cool. Superposez-la \u00e0 un crop top pour un look audacieux inspir\u00e9 de Harajuku, enfilez-la sur une robe fluide pour un contraste audacieux, ou associez-la \u00e0 votre tee-shirt et \u00e0 votre jean pr\u00e9f\u00e9r\u00e9s pour un style streetwear classique. C'est comme si vous aviez un superpouvoir de la mode, qui transforme n'importe quelle tenue de basique \u00e0 \u00e9poustouflante en quelques secondes.<\/p>\n<h2>Des caract\u00e9ristiques qui feront de vous un cr\u00e9ateur de tendances<\/h2>\n<ul>\n<li>Coupe oversize pour le style boyfriend tant convoit\u00e9<\/li>\n<li>Sans manches, parfait pour les superpositions<\/li>\n<li>Un gilet polyvalent qui va avec tout<\/li>\n<li>Inspir\u00e9 par la mode cor\u00e9enne pour une dimension internationale<\/li>\n<li>Une tenue d\u00e9contract\u00e9e mais qui en dit long sur la vie de tous les jours<\/li>\n<li>La tendance pour la sc\u00e8ne de la mode de 2024<\/li>\n<\/ul>\n<h2>D\u00e9tails techniques pour le Fashion-Forward<\/h2>\n<ul>\n<li>Mati\u00e8re : Denim de haute qualit\u00e9<\/li>\n<li>Style : Gilet sans manche surdimensionn\u00e9<\/li>\n<li>Coupe : D\u00e9contract\u00e9e et ample<\/li>\n<li>Inspiration : Streetwear, Harajuku, mode cor\u00e9enne<\/li>\n<li>Polyvalence : Peut \u00eatre stylis\u00e9 pour des looks vari\u00e9s<\/li>\n<li>Saison : Parfait pour un style tout au long de l'ann\u00e9e<\/li>\n<\/ul>\n<p>Pour plus d'options surdimensionn\u00e9es, consultez notre\u00a0<a href=\"https:\/\/www.denim-vest.com\/fr\/oversized-black-denim-vest\/\" target=\"_blank\" rel=\"noopener noreferrer\">gilet en denim noir surdimensionn\u00e9<\/a>.<\/p>\n<p>Ne laissez pas passer ce moment de mode ! <a href=\"https:\/\/www.denim-vest.com\/fr\/denim-vest-women\/\">Notre gilet en denim pour femmes<\/a><strong> surdimensionn\u00e9<\/strong> se vend plus vite que les billets pour un concert de K-pop. Prenez le v\u00f4tre d\u00e8s maintenant et pr\u00e9parez-vous \u00e0 faire tourner les t\u00eates, \u00e0 lancer des tendances et \u00e0 vous sentir comme l'ic\u00f4ne de la mode que vous avez toujours voulu \u00eatre. Croyez-nous, votre jeu de style est sur le point d'atteindre un tout nouveau niveau de cool !<\/p>","protected":false},"excerpt":{"rendered":"<p>Faites-vous remarquer avec notre gilet en denim surdimensionn\u00e9 pour femmes. Audacieux, tendance et parfait pour superposer vos tenues pr\u00e9f\u00e9r\u00e9es. Livraison gratuite - Achetez maintenant !<\/p>","protected":false},"featured_media":160,"template":"","meta":[],"product_brand":[],"product_cat":[78],"product_tag":[],"class_list":{"0":"post-144","1":"product","2":"type-product","3":"status-publish","4":"has-post-thumbnail","6":"product_cat-denim-vest-women","8":"first","9":"instock","10":"shipping-taxable","11":"purchasable","12":"product-type-variable"},"_links":{"self":[{"href":"https:\/\/www.denim-vest.com\/fr\/wp-json\/wp\/v2\/product\/144","targetHints":{"allow":["GET"]}}],"collection":[{"href":"https:\/\/www.denim-vest.com\/fr\/wp-json\/wp\/v2\/product"}],"about":[{"href":"https:\/\/www.denim-vest.com\/fr\/wp-json\/wp\/v2\/types\/product"}],"wp:featuredmedia":[{"embeddable":true,"href":"https:\/\/www.denim-vest.com\/fr\/wp-json\/wp\/v2\/media\/160"}],"wp:attachment":[{"href":"https:\/\/www.denim-vest.com\/fr\/wp-json\/wp\/v2\/media?parent=144"}],"wp:term":[{"taxonomy":"product_brand","embeddable":true,"href":"https:\/\/www.denim-vest.com\/fr\/wp-json\/wp\/v2\/product_brand?post=144"},{"taxonomy":"product_cat","embeddable":true,"href":"https:\/\/www.denim-vest.com\/fr\/wp-json\/wp\/v2\/product_cat?post=144"},{"taxonomy":"product_tag","embeddable":true,"href":"https:\/\/www.denim-vest.com\/fr\/wp-json\/wp\/v2\/product_tag?post=144"}],"curies":[{"name":"wp","href":"https:\/\/api.w.org\/{rel}","templated":true}]}}